{"id":6593,"date":"2025-11-21T11:24:24","date_gmt":"2025-11-21T10:24:24","guid":{"rendered":"https:\/\/spjastrzab.ugporaj.pl\/?page_id=6593"},"modified":"2025-11-21T11:27:35","modified_gmt":"2025-11-21T10:27:35","slug":"akademia-zawodow","status":"publish","type":"page","link":"https:\/\/spjastrzab.ugporaj.pl\/?page_id=6593","title":{"rendered":"Akademia Zawod\u00f3w"},"content":{"rendered":"\t\t<div data-elementor-type=\"wp-page\" data-elementor-id=\"6593\" class=\"elementor elementor-6593\">\n\t\t\t\t\t\t<section class=\"elementor-section elementor-top-section elementor-element elementor-element-00dd84f elementor-section-boxed elementor-section-height-default elementor-section-height-default\" data-id=\"00dd84f\" data-element_type=\"section\" data-e-type=\"section\">\n\t\t\t\t\t\t<div class=\"elementor-container elementor-column-gap-default\">\n\t\t\t\t\t<div class=\"elementor-column elementor-col-100 elementor-top-column elementor-element elementor-element-47e62d4\" data-id=\"47e62d4\" data-element_type=\"column\" data-e-type=\"column\">\n\t\t\t<div class=\"elementor-widget-wrap elementor-element-populated\">\n\t\t\t\t\t\t<div class=\"elementor-element elementor-element-82852ce elementor-position-top elementor-widget elementor-widget-image-box\" data-id=\"82852ce\" data-element_type=\"widget\" data-e-type=\"widget\" data-widget_type=\"image-box.default\">\n\t\t\t\t<div class=\"elementor-widget-container\">\n\t\t\t\t\t<div class=\"elementor-image-box-wrapper\"><figure class=\"elementor-image-box-img\"><a href=\"https:\/\/sklep.anetaszostak.pl\/akademia-zawodow\/\" target=\"_blank\" tabindex=\"-1\"><img fetchpriority=\"high\" decoding=\"async\" width=\"521\" height=\"540\" src=\"https:\/\/spjastrzab.ugporaj.pl\/wp-content\/uploads\/2025\/11\/az.jpg\" class=\"attachment-full size-full wp-image-6594\" alt=\"\" srcset=\"https:\/\/spjastrzab.ugporaj.pl\/wp-content\/uploads\/2025\/11\/az.jpg 521w, https:\/\/spjastrzab.ugporaj.pl\/wp-content\/uploads\/2025\/11\/az-289x300.jpg 289w\" sizes=\"(max-width: 521px) 100vw, 521px\" \/><\/a><\/figure><div class=\"elementor-image-box-content\"><h3 class=\"elementor-image-box-title\"><a href=\"https:\/\/sklep.anetaszostak.pl\/akademia-zawodow\/\" target=\"_blank\">Organizator: Wydawnictwo Edukacyjne Kapelusz z Kwiatami<\/a><\/h3><p class=\"elementor-image-box-description\">Projekt \u201eAkademia zawod\u00f3w\u201d to inicjatywa edukacyjna maj\u0105ca na celu przybli\u017cenie dzieciom w spos\u00f3b przyst\u0119pny, anga\u017cuj\u0105cy i tw\u00f3rczy r\u00f3\u017cnorodnego \u015bwiata zawod\u00f3w. W ramach projektu b\u0119d\u0105 mia\u0142y one okazj\u0119 pozna\u0107 i zrozumie\u0107 r\u00f3\u017cne profesje, co pozwoli im na rozwijanie wyobra\u017ani, zdobywanie wiedzy oraz budowanie pierwszych zawodowych marze\u0144.\n\nJest to projekt umo\u017cliwiaj\u0105cy urozmaicon\u0105 prac\u0119 z materia\u0142em ikonicznym. Ponadto nauczyciel zostanie wyposa\u017cony w ciekawe pomoce dydaktyczne, kt\u00f3re mo\u017ce wykorzysta\u0107 na wiele aktywizuj\u0105cych sposob\u00f3w.\n\nProjekt ten oparty jest na decyzyjno\u015bci nauczyciela, co oznacza, \u017ce to on decyduje, kiedy, jaki zaw\u00f3d i w jaki spos\u00f3b przedstawi dzieciom. To pozwala mu na dostosowanie projektu do potrzeb i mo\u017cliwo\u015bci dzieci<\/p><\/div><\/div>\t\t\t\t<\/div>\n\t\t\t\t<\/div>\n\t\t\t\t\t<\/div>\n\t\t<\/div>\n\t\t\t\t\t<\/div>\n\t\t<\/section>\n\t\t\t\t<\/div>\n\t\t","protected":false},"excerpt":{"rendered":"<p>Organizator: Wydawnictwo Edukacyjne Kapelusz z Kwiatami Projekt \u201eAkademia zawod\u00f3w\u201d to inicjatywa edukacyjna maj\u0105ca na celu przybli\u017cenie dzieciom w spos\u00f3b przyst\u0119pny, anga\u017cuj\u0105cy i tw\u00f3rczy r\u00f3\u017cnorodnego \u015bwiata zawod\u00f3w. W ramach projektu b\u0119d\u0105 mia\u0142y one okazj\u0119 pozna\u0107 i zrozumie\u0107 r\u00f3\u017cne profesje, co pozwoli im na rozwijanie wyobra\u017ani, zdobywanie wiedzy oraz budowanie pierwszych zawodowych marze\u0144. Jest to projekt umo\u017cliwiaj\u0105cy [&hellip;]<\/p>\n","protected":false},"author":2,"featured_media":0,"parent":0,"menu_order":0,"comment_status":"closed","ping_status":"closed","template":"","meta":{"ngg_post_thumbnail":0,"footnotes":""},"class_list":["post-6593","page","type-page","status-publish","hentry"],"_links":{"self":[{"href":"https:\/\/spjastrzab.ugporaj.pl\/index.php?rest_route=\/wp\/v2\/pages\/6593","targetHints":{"allow":["GET"]}}],"collection":[{"href":"https:\/\/spjastrzab.ugporaj.pl\/index.php?rest_route=\/wp\/v2\/pages"}],"about":[{"href":"https:\/\/spjastrzab.ugporaj.pl\/index.php?rest_route=\/wp\/v2\/types\/page"}],"author":[{"embeddable":true,"href":"https:\/\/spjastrzab.ugporaj.pl\/index.php?rest_route=\/wp\/v2\/users\/2"}],"replies":[{"embeddable":true,"href":"https:\/\/spjastrzab.ugporaj.pl\/index.php?rest_route=%2Fwp%2Fv2%2Fcomments&post=6593"}],"version-history":[{"count":3,"href":"https:\/\/spjastrzab.ugporaj.pl\/index.php?rest_route=\/wp\/v2\/pages\/6593\/revisions"}],"predecessor-version":[{"id":6597,"href":"https:\/\/spjastrzab.ugporaj.pl\/index.php?rest_route=\/wp\/v2\/pages\/6593\/revisions\/6597"}],"wp:attachment":[{"href":"https:\/\/spjastrzab.ugporaj.pl\/index.php?rest_route=%2Fwp%2Fv2%2Fmedia&parent=6593"}],"curies":[{"name":"wp","href":"https:\/\/api.w.org\/{rel}","templated":true}]}}