{"id":6586,"date":"2025-11-21T11:17:31","date_gmt":"2025-11-21T10:17:31","guid":{"rendered":"https:\/\/spjastrzab.ugporaj.pl\/?page_id=6586"},"modified":"2025-11-21T11:19:24","modified_gmt":"2025-11-21T10:19:24","slug":"dziecko-z-pasja","status":"publish","type":"page","link":"https:\/\/spjastrzab.ugporaj.pl\/?page_id=6586","title":{"rendered":"Dziecko z Pasj\u0105"},"content":{"rendered":"\t\t<div data-elementor-type=\"wp-page\" data-elementor-id=\"6586\" class=\"elementor elementor-6586\">\n\t\t\t\t\t\t<section class=\"elementor-section elementor-top-section elementor-element elementor-element-bb3ab4e elementor-section-boxed elementor-section-height-default elementor-section-height-default\" data-id=\"bb3ab4e\" data-element_type=\"section\" data-e-type=\"section\">\n\t\t\t\t\t\t<div class=\"elementor-container elementor-column-gap-default\">\n\t\t\t\t\t<div class=\"elementor-column elementor-col-100 elementor-top-column elementor-element elementor-element-b6dd313\" data-id=\"b6dd313\" data-element_type=\"column\" data-e-type=\"column\">\n\t\t\t<div class=\"elementor-widget-wrap elementor-element-populated\">\n\t\t\t\t\t\t<div class=\"elementor-element elementor-element-62087c3 elementor-position-top elementor-widget elementor-widget-image-box\" data-id=\"62087c3\" data-element_type=\"widget\" data-e-type=\"widget\" data-widget_type=\"image-box.default\">\n\t\t\t\t<div class=\"elementor-widget-container\">\n\t\t\t\t\t<div class=\"elementor-image-box-wrapper\"><figure class=\"elementor-image-box-img\"><a href=\"https:\/\/wklasie.uniwersytetdzieci.pl\/dziecko-z-pasja\" target=\"_blank\" tabindex=\"-1\"><img decoding=\"async\" width=\"180\" height=\"180\" src=\"https:\/\/spjastrzab.ugporaj.pl\/wp-content\/uploads\/2025\/11\/ud.png\" class=\"attachment-full size-full wp-image-6587\" alt=\"\" srcset=\"https:\/\/spjastrzab.ugporaj.pl\/wp-content\/uploads\/2025\/11\/ud.png 180w, https:\/\/spjastrzab.ugporaj.pl\/wp-content\/uploads\/2025\/11\/ud-150x150.png 150w\" sizes=\"(max-width: 180px) 100vw, 180px\" \/><\/a><\/figure><div class=\"elementor-image-box-content\"><p class=\"elementor-image-box-description\">Projekt \u201eDziecko z Pasj\u0105\u201d skierowany jest do dyrektor\u00f3w i wicedyrektor\u00f3w szk\u00f3\u0142 podstawowych, kt\u00f3rzy chc\u0105 wzmacnia\u0107 umiej\u0119tno\u015bci zarz\u0105dzania zespo\u0142em i wesprze\u0107 swoich nauczycieli w ich rozwoju zawodowym. Kluczowym elementem programu jest budowanie w szkole atmosfery, w kt\u00f3rej dzieci odkrywaj\u0105, \u017ce nauka mo\u017ce by\u0107 pasjonuj\u0105ca.<\/p><\/div><\/div>\t\t\t\t<\/div>\n\t\t\t\t<\/div>\n\t\t\t\t\t<\/div>\n\t\t<\/div>\n\t\t\t\t\t<\/div>\n\t\t<\/section>\n\t\t\t\t<\/div>\n\t\t","protected":false},"excerpt":{"rendered":"<p>Projekt \u201eDziecko z Pasj\u0105\u201d skierowany jest do dyrektor\u00f3w i wicedyrektor\u00f3w szk\u00f3\u0142 podstawowych, kt\u00f3rzy chc\u0105 wzmacnia\u0107 umiej\u0119tno\u015bci zarz\u0105dzania zespo\u0142em i wesprze\u0107 swoich nauczycieli w ich rozwoju zawodowym. Kluczowym elementem programu jest budowanie w szkole atmosfery, w kt\u00f3rej dzieci odkrywaj\u0105, \u017ce nauka mo\u017ce by\u0107 pasjonuj\u0105ca.<\/p>\n","protected":false},"author":2,"featured_media":0,"parent":0,"menu_order":0,"comment_status":"closed","ping_status":"closed","template":"","meta":{"ngg_post_thumbnail":0,"footnotes":""},"class_list":["post-6586","page","type-page","status-publish","hentry"],"_links":{"self":[{"href":"https:\/\/spjastrzab.ugporaj.pl\/index.php?rest_route=\/wp\/v2\/pages\/6586","targetHints":{"allow":["GET"]}}],"collection":[{"href":"https:\/\/spjastrzab.ugporaj.pl\/index.php?rest_route=\/wp\/v2\/pages"}],"about":[{"href":"https:\/\/spjastrzab.ugporaj.pl\/index.php?rest_route=\/wp\/v2\/types\/page"}],"author":[{"embeddable":true,"href":"https:\/\/spjastrzab.ugporaj.pl\/index.php?rest_route=\/wp\/v2\/users\/2"}],"replies":[{"embeddable":true,"href":"https:\/\/spjastrzab.ugporaj.pl\/index.php?rest_route=%2Fwp%2Fv2%2Fcomments&post=6586"}],"version-history":[{"count":3,"href":"https:\/\/spjastrzab.ugporaj.pl\/index.php?rest_route=\/wp\/v2\/pages\/6586\/revisions"}],"predecessor-version":[{"id":6590,"href":"https:\/\/spjastrzab.ugporaj.pl\/index.php?rest_route=\/wp\/v2\/pages\/6586\/revisions\/6590"}],"wp:attachment":[{"href":"https:\/\/spjastrzab.ugporaj.pl\/index.php?rest_route=%2Fwp%2Fv2%2Fmedia&parent=6586"}],"curies":[{"name":"wp","href":"https:\/\/api.w.org\/{rel}","templated":true}]}}