{"id":2075,"date":"2024-06-03T12:09:39","date_gmt":"2024-06-03T10:09:39","guid":{"rendered":"http:\/\/spjastrzab.ugporaj.pl\/?page_id=2075"},"modified":"2024-06-10T11:23:06","modified_gmt":"2024-06-10T09:23:06","slug":"aplikacja-pomoze-wybrac-uczniom-zawod","status":"publish","type":"page","link":"https:\/\/spjastrzab.ugporaj.pl\/?page_id=2075","title":{"rendered":"Aplikacja pomo\u017ce wybra\u0107 uczniom zaw\u00f3d"},"content":{"rendered":"\t\t<div data-elementor-type=\"wp-page\" data-elementor-id=\"2075\" class=\"elementor elementor-2075\">\n\t\t\t\t\t\t<section class=\"elementor-section elementor-top-section elementor-element elementor-element-a0ed885 elementor-section-boxed elementor-section-height-default elementor-section-height-default\" data-id=\"a0ed885\" data-element_type=\"section\" data-e-type=\"section\">\n\t\t\t\t\t\t<div class=\"elementor-container elementor-column-gap-default\">\n\t\t\t\t\t<div class=\"elementor-column elementor-col-100 elementor-top-column elementor-element elementor-element-42bb008\" data-id=\"42bb008\" data-element_type=\"column\" data-e-type=\"column\">\n\t\t\t<div class=\"elementor-widget-wrap elementor-element-populated\">\n\t\t\t\t\t\t<div class=\"elementor-element elementor-element-22d5187 elementor-position-top elementor-widget elementor-widget-image-box\" data-id=\"22d5187\" data-element_type=\"widget\" data-e-type=\"widget\" data-widget_type=\"image-box.default\">\n\t\t\t\t<div class=\"elementor-widget-container\">\n\t\t\t\t\t<div class=\"elementor-image-box-wrapper\"><figure class=\"elementor-image-box-img\"><a href=\"https:\/\/www.slaskie.pl\/content\/aplikacja-pomoze-wybrac-uczniom-zawod\" target=\"_blank\" tabindex=\"-1\"><img fetchpriority=\"high\" decoding=\"async\" width=\"2247\" height=\"1039\" src=\"https:\/\/spjastrzab.ugporaj.pl\/wp-content\/uploads\/2024\/06\/home-bg.png\" class=\"attachment-full size-full wp-image-2073\" alt=\"\" srcset=\"https:\/\/spjastrzab.ugporaj.pl\/wp-content\/uploads\/2024\/06\/home-bg.png 2247w, https:\/\/spjastrzab.ugporaj.pl\/wp-content\/uploads\/2024\/06\/home-bg-300x139.png 300w, https:\/\/spjastrzab.ugporaj.pl\/wp-content\/uploads\/2024\/06\/home-bg-1024x473.png 1024w, https:\/\/spjastrzab.ugporaj.pl\/wp-content\/uploads\/2024\/06\/home-bg-768x355.png 768w, https:\/\/spjastrzab.ugporaj.pl\/wp-content\/uploads\/2024\/06\/home-bg-1536x710.png 1536w, https:\/\/spjastrzab.ugporaj.pl\/wp-content\/uploads\/2024\/06\/home-bg-2048x947.png 2048w\" sizes=\"(max-width: 2247px) 100vw, 2247px\" \/><\/a><\/figure><div class=\"elementor-image-box-content\"><h3 class=\"elementor-image-box-title\"><a href=\"https:\/\/www.slaskie.pl\/content\/aplikacja-pomoze-wybrac-uczniom-zawod\" target=\"_blank\">Zapraszamy do skorzystania z aplikacji u\u0142atwiaj\u0105cej wyb\u00f3r zawodu.<\/a><\/h3><p class=\"elementor-image-box-description\">Departament EFS Urz\u0119du Marsza\u0142kowskiego w Katowicach informuje, \u017ce na stronie www.slaskie.pl zosta\u0142a opublikowana informacja na temat aplikacji, kt\u00f3ra mo\u017ce wspom\u00f3c uczni\u00f3w w wyborze zawodu i dalszego kierunku kszta\u0142cenia.\n\nPoni\u017cej link do tej informacji: Aplikacja pomo\u017ce wybra\u0107 uczniom zaw\u00f3d \u2013 Serwis Wojew\u00f3dztwa \u015al\u0105skiego (slaskie.pl) <br>https:\/\/www.slaskie.pl\/content\/aplikacja-pomoze-wybrac-uczniom-zawod<\/p><\/div><\/div>\t\t\t\t<\/div>\n\t\t\t\t<\/div>\n\t\t\t\t\t<\/div>\n\t\t<\/div>\n\t\t\t\t\t<\/div>\n\t\t<\/section>\n\t\t\t\t<\/div>\n\t\t","protected":false},"excerpt":{"rendered":"<p>Zapraszamy do skorzystania z aplikacji u\u0142atwiaj\u0105cej wyb\u00f3r zawodu. Departament EFS Urz\u0119du Marsza\u0142kowskiego w Katowicach informuje, \u017ce na stronie www.slaskie.pl zosta\u0142a opublikowana informacja na temat aplikacji, kt\u00f3ra mo\u017ce wspom\u00f3c uczni\u00f3w w wyborze zawodu i dalszego kierunku kszta\u0142cenia. Poni\u017cej link do tej informacji: Aplikacja pomo\u017ce wybra\u0107 uczniom zaw\u00f3d \u2013 Serwis Wojew\u00f3dztwa \u015al\u0105skiego (slaskie.pl) https:\/\/www.slaskie.pl\/content\/aplikacja-pomoze-wybrac-uczniom-zawod<\/p>\n","protected":false},"author":2,"featured_media":0,"parent":0,"menu_order":0,"comment_status":"closed","ping_status":"closed","template":"","meta":{"ngg_post_thumbnail":0,"footnotes":""},"class_list":["post-2075","page","type-page","status-publish","hentry"],"_links":{"self":[{"href":"https:\/\/spjastrzab.ugporaj.pl\/index.php?rest_route=\/wp\/v2\/pages\/2075","targetHints":{"allow":["GET"]}}],"collection":[{"href":"https:\/\/spjastrzab.ugporaj.pl\/index.php?rest_route=\/wp\/v2\/pages"}],"about":[{"href":"https:\/\/spjastrzab.ugporaj.pl\/index.php?rest_route=\/wp\/v2\/types\/page"}],"author":[{"embeddable":true,"href":"https:\/\/spjastrzab.ugporaj.pl\/index.php?rest_route=\/wp\/v2\/users\/2"}],"replies":[{"embeddable":true,"href":"https:\/\/spjastrzab.ugporaj.pl\/index.php?rest_route=%2Fwp%2Fv2%2Fcomments&post=2075"}],"version-history":[{"count":6,"href":"https:\/\/spjastrzab.ugporaj.pl\/index.php?rest_route=\/wp\/v2\/pages\/2075\/revisions"}],"predecessor-version":[{"id":2096,"href":"https:\/\/spjastrzab.ugporaj.pl\/index.php?rest_route=\/wp\/v2\/pages\/2075\/revisions\/2096"}],"wp:attachment":[{"href":"https:\/\/spjastrzab.ugporaj.pl\/index.php?rest_route=%2Fwp%2Fv2%2Fmedia&parent=2075"}],"curies":[{"name":"wp","href":"https:\/\/api.w.org\/{rel}","templated":true}]}}