{"id":1596,"date":"2024-03-22T11:06:24","date_gmt":"2024-03-22T10:06:24","guid":{"rendered":"http:\/\/spjastrzab.ugporaj.pl\/?page_id=1596"},"modified":"2024-03-22T11:10:30","modified_gmt":"2024-03-22T10:10:30","slug":"akademia-bezpiecznego-puchatka","status":"publish","type":"page","link":"https:\/\/spjastrzab.ugporaj.pl\/?page_id=1596","title":{"rendered":"Akademia Bezpiecznego Puchatka"},"content":{"rendered":"\t\t<div data-elementor-type=\"wp-page\" data-elementor-id=\"1596\" class=\"elementor elementor-1596\">\n\t\t\t\t\t\t<section class=\"elementor-section elementor-top-section elementor-element elementor-element-b4996e8 elementor-section-boxed elementor-section-height-default elementor-section-height-default\" data-id=\"b4996e8\" data-element_type=\"section\" data-e-type=\"section\">\n\t\t\t\t\t\t<div class=\"elementor-container elementor-column-gap-default\">\n\t\t\t\t\t<div class=\"elementor-column elementor-col-100 elementor-top-column elementor-element elementor-element-f5e0c5d\" data-id=\"f5e0c5d\" data-element_type=\"column\" data-e-type=\"column\">\n\t\t\t<div class=\"elementor-widget-wrap elementor-element-populated\">\n\t\t\t\t\t\t<div class=\"elementor-element elementor-element-c7c43fd elementor-widget elementor-widget-image\" data-id=\"c7c43fd\" data-element_type=\"widget\" data-e-type=\"widget\" data-widget_type=\"image.default\">\n\t\t\t\t<div class=\"elementor-widget-container\">\n\t\t\t\t\t\t\t\t\t\t\t\t\t\t\t\t<a href=\"https:\/\/akademiapuchatka.pl\/\" target=\"_blank\">\n\t\t\t\t\t\t\t<img decoding=\"async\" width=\"184\" height=\"95\" src=\"https:\/\/spjastrzab.ugporaj.pl\/wp-content\/uploads\/2024\/03\/akademia-bezpiecznego-puchatka.png\" class=\"attachment-large size-large wp-image-1597\" alt=\"\" \/>\t\t\t\t\t\t\t\t<\/a>\n\t\t\t\t\t\t\t\t\t\t\t\t\t\t\t<\/div>\n\t\t\t\t<\/div>\n\t\t\t\t\t<\/div>\n\t\t<\/div>\n\t\t\t\t\t<\/div>\n\t\t<\/section>\n\t\t\t\t<section class=\"elementor-section elementor-top-section elementor-element elementor-element-16b6213 elementor-section-boxed elementor-section-height-default elementor-section-height-default\" data-id=\"16b6213\" data-element_type=\"section\" data-e-type=\"section\">\n\t\t\t\t\t\t<div class=\"elementor-container elementor-column-gap-default\">\n\t\t\t\t\t<div class=\"elementor-column elementor-col-100 elementor-top-column elementor-element elementor-element-5522773\" data-id=\"5522773\" data-element_type=\"column\" data-e-type=\"column\">\n\t\t\t<div class=\"elementor-widget-wrap elementor-element-populated\">\n\t\t\t\t\t\t<div class=\"elementor-element elementor-element-cf7e784 elementor-widget elementor-widget-text-editor\" data-id=\"cf7e784\" data-element_type=\"widget\" data-e-type=\"widget\" data-widget_type=\"text-editor.default\">\n\t\t\t\t<div class=\"elementor-widget-container\">\n\t\t\t\t\t\t\t\t\t<p><strong>Akademia Bezpiecznego Puchatka<\/strong>\u00a0to og\u00f3lnopolski program edukacyjny skierowany do\u00a0uczni\u00f3w klas I\u00a0szk\u00f3\u0142 podstawowych, obejmuj\u0105cy tematyk\u0119 zwi\u0105zan\u0105 z\u00a0bezpiecze\u0144stwem dzieci w\u00a0czterech sferach: na\u00a0drodze, w\u00a0domu, w\u00a0szkole oraz w\u00a0Internecie. W\u00a0Programie ka\u017cdego roku uczestniczy\u00a0<strong>ponad\u00a0<span class=\"white-space-nowrap\">200 000\u00a0dzieci<\/span><\/strong>\u00a0i\u00a0niemal\u00a0<strong><span class=\"white-space-nowrap\">13\u00a0000<\/span>\u00a0nauczycieli<\/strong>\u00a0z\u00a0prawie\u00a0<span class=\"white-space-nowrap\">10\u00a0000<\/span>\u00a0szk\u00f3\u0142 podstawowych. Do\u00a0tej pory \u0142\u0105cznie wzi\u0119\u0142o w\u00a0nim udzia\u0142 ponad\u00a0<strong><span class=\"white-space-nowrap\">3 miliony<\/span>\u00a0uczni\u00f3w.<\/strong><\/p>\t\t\t\t\t\t\t\t<\/div>\n\t\t\t\t<\/div>\n\t\t\t\t\t<\/div>\n\t\t<\/div>\n\t\t\t\t\t<\/div>\n\t\t<\/section>\n\t\t\t\t<\/div>\n\t\t","protected":false},"excerpt":{"rendered":"<p>Akademia Bezpiecznego Puchatka\u00a0to og\u00f3lnopolski program edukacyjny skierowany do\u00a0uczni\u00f3w klas I\u00a0szk\u00f3\u0142 podstawowych, obejmuj\u0105cy tematyk\u0119 zwi\u0105zan\u0105 z\u00a0bezpiecze\u0144stwem dzieci w\u00a0czterech sferach: na\u00a0drodze, w\u00a0domu, w\u00a0szkole oraz w\u00a0Internecie. W\u00a0Programie ka\u017cdego roku uczestniczy\u00a0ponad\u00a0200 000\u00a0dzieci\u00a0i\u00a0niemal\u00a013\u00a0000\u00a0nauczycieli\u00a0z\u00a0prawie\u00a010\u00a0000\u00a0szk\u00f3\u0142 podstawowych. Do\u00a0tej pory \u0142\u0105cznie wzi\u0119\u0142o w\u00a0nim udzia\u0142 ponad\u00a03 miliony\u00a0uczni\u00f3w.<\/p>\n","protected":false},"author":2,"featured_media":0,"parent":0,"menu_order":0,"comment_status":"closed","ping_status":"closed","template":"","meta":{"ngg_post_thumbnail":0,"footnotes":""},"class_list":["post-1596","page","type-page","status-publish","hentry"],"_links":{"self":[{"href":"https:\/\/spjastrzab.ugporaj.pl\/index.php?rest_route=\/wp\/v2\/pages\/1596","targetHints":{"allow":["GET"]}}],"collection":[{"href":"https:\/\/spjastrzab.ugporaj.pl\/index.php?rest_route=\/wp\/v2\/pages"}],"about":[{"href":"https:\/\/spjastrzab.ugporaj.pl\/index.php?rest_route=\/wp\/v2\/types\/page"}],"author":[{"embeddable":true,"href":"https:\/\/spjastrzab.ugporaj.pl\/index.php?rest_route=\/wp\/v2\/users\/2"}],"replies":[{"embeddable":true,"href":"https:\/\/spjastrzab.ugporaj.pl\/index.php?rest_route=%2Fwp%2Fv2%2Fcomments&post=1596"}],"version-history":[{"count":6,"href":"https:\/\/spjastrzab.ugporaj.pl\/index.php?rest_route=\/wp\/v2\/pages\/1596\/revisions"}],"predecessor-version":[{"id":1603,"href":"https:\/\/spjastrzab.ugporaj.pl\/index.php?rest_route=\/wp\/v2\/pages\/1596\/revisions\/1603"}],"wp:attachment":[{"href":"https:\/\/spjastrzab.ugporaj.pl\/index.php?rest_route=%2Fwp%2Fv2%2Fmedia&parent=1596"}],"curies":[{"name":"wp","href":"https:\/\/api.w.org\/{rel}","templated":true}]}}