{"id":1581,"date":"2024-03-22T10:30:01","date_gmt":"2024-03-22T09:30:01","guid":{"rendered":"http:\/\/spjastrzab.ugporaj.pl\/?page_id=1581"},"modified":"2024-04-12T14:58:11","modified_gmt":"2024-04-12T12:58:11","slug":"trzymaj-forme","status":"publish","type":"page","link":"https:\/\/spjastrzab.ugporaj.pl\/?page_id=1581","title":{"rendered":"Trzymaj Form\u0119!"},"content":{"rendered":"\t\t<div data-elementor-type=\"wp-page\" data-elementor-id=\"1581\" class=\"elementor elementor-1581\">\n\t\t\t\t\t\t<section class=\"elementor-section elementor-top-section elementor-element elementor-element-e6cb27f elementor-section-boxed elementor-section-height-default elementor-section-height-default\" data-id=\"e6cb27f\" data-element_type=\"section\" data-e-type=\"section\">\n\t\t\t\t\t\t<div class=\"elementor-container elementor-column-gap-default\">\n\t\t\t\t\t<div class=\"elementor-column elementor-col-100 elementor-top-column elementor-element elementor-element-f33cef4\" data-id=\"f33cef4\" data-element_type=\"column\" data-e-type=\"column\">\n\t\t\t<div class=\"elementor-widget-wrap elementor-element-populated\">\n\t\t\t\t\t\t<div class=\"elementor-element elementor-element-6ddcd5d elementor-widget elementor-widget-image\" data-id=\"6ddcd5d\" data-element_type=\"widget\" data-e-type=\"widget\" data-widget_type=\"image.default\">\n\t\t\t\t<div class=\"elementor-widget-container\">\n\t\t\t\t\t\t\t\t\t\t\t\t\t\t\t\t<a href=\"https:\/\/www.gov.pl\/web\/wsse-katowice\/trzymaj-forme\" target=\"_blank\">\n\t\t\t\t\t\t\t<img fetchpriority=\"high\" decoding=\"async\" width=\"710\" height=\"300\" src=\"https:\/\/spjastrzab.ugporaj.pl\/wp-content\/uploads\/2024\/03\/tf.png\" class=\"attachment-large size-large wp-image-1582\" alt=\"\" srcset=\"https:\/\/spjastrzab.ugporaj.pl\/wp-content\/uploads\/2024\/03\/tf.png 729w, https:\/\/spjastrzab.ugporaj.pl\/wp-content\/uploads\/2024\/03\/tf-300x127.png 300w\" sizes=\"(max-width: 710px) 100vw, 710px\" \/>\t\t\t\t\t\t\t\t<\/a>\n\t\t\t\t\t\t\t\t\t\t\t\t\t\t\t<\/div>\n\t\t\t\t<\/div>\n\t\t\t\t\t<\/div>\n\t\t<\/div>\n\t\t\t\t\t<\/div>\n\t\t<\/section>\n\t\t\t\t<section class=\"elementor-section elementor-top-section elementor-element elementor-element-e83a868 elementor-section-boxed elementor-section-height-default elementor-section-height-default\" data-id=\"e83a868\" data-element_type=\"section\" data-e-type=\"section\">\n\t\t\t\t\t\t<div class=\"elementor-container elementor-column-gap-default\">\n\t\t\t\t\t<div class=\"elementor-column elementor-col-100 elementor-top-column elementor-element elementor-element-72ad8fa\" data-id=\"72ad8fa\" data-element_type=\"column\" data-e-type=\"column\">\n\t\t\t<div class=\"elementor-widget-wrap elementor-element-populated\">\n\t\t\t\t\t\t<div class=\"elementor-element elementor-element-bbdbd09 elementor-widget elementor-widget-text-editor\" data-id=\"bbdbd09\" data-element_type=\"widget\" data-e-type=\"widget\" data-widget_type=\"text-editor.default\">\n\t\t\t\t<div class=\"elementor-widget-container\">\n\t\t\t\t\t\t\t\t\t<p>Program edukacyjny &#8222;Trzymaj Form\u0119!&#8221; promuj\u0105cy zdrowy styl \u017cycia poprzez zbilansowan\u0105 diet\u0119.<\/p><p>Program zainicjowany zosta\u0142 przez G\u0142\u00f3wny Inspektorat Sanitarny oraz Stowarzyszenie \u201ePolska Federacja Producent\u00f3w \u017bywno\u015bci\u201d w ramach realizacji strategii WHO dotycz\u0105cej diety, aktywno\u015bci fizycznej i zdrowia.<\/p><p>Celem programu\u00a0<strong>&#8222;Trzymaj Form\u0119!&#8221;<\/strong>\u00a0jest edukacja w zakresie trwa\u0142ego kszta\u0142towania prozdrowotnych nawyk\u00f3w w\u015br\u00f3d m\u0142odzie\u017cy szkolnej poprzez promocj\u0119 zasad aktywnego stylu \u017cycia i zbilansowanej diety, w oparciu o odpowiedzialno\u015b\u0107 indywidualn\u0105 i wolny wyb\u00f3r jednostki.<br \/>Program realizowany jest metod\u0105 projektu dzi\u0119ki czemu wykracza poza podstaw\u0119 programow\u0105 i programy nauczania szko\u0142y.<\/p><p>Strona internetowa programu &#8222;Trzymaj Form\u0119!&#8221;\u00a0 &#8211;\u00a0\u00a0<a href=\"https:\/\/www.trzymajforme.pl\/start-16\" target=\"_blank\" rel=\"noopener\">wejd\u017a<\/a><\/p>\t\t\t\t\t\t\t\t<\/div>\n\t\t\t\t<\/div>\n\t\t\t\t\t<\/div>\n\t\t<\/div>\n\t\t\t\t\t<\/div>\n\t\t<\/section>\n\t\t\t\t<\/div>\n\t\t","protected":false},"excerpt":{"rendered":"<p>Program edukacyjny &#8222;Trzymaj Form\u0119!&#8221; promuj\u0105cy zdrowy styl \u017cycia poprzez zbilansowan\u0105 diet\u0119. Program zainicjowany zosta\u0142 przez G\u0142\u00f3wny Inspektorat Sanitarny oraz Stowarzyszenie \u201ePolska Federacja Producent\u00f3w \u017bywno\u015bci\u201d w ramach realizacji strategii WHO dotycz\u0105cej diety, aktywno\u015bci fizycznej i zdrowia. Celem programu\u00a0&#8222;Trzymaj Form\u0119!&#8221;\u00a0jest edukacja w zakresie trwa\u0142ego kszta\u0142towania prozdrowotnych nawyk\u00f3w w\u015br\u00f3d m\u0142odzie\u017cy szkolnej poprzez promocj\u0119 zasad aktywnego stylu \u017cycia i [&hellip;]<\/p>\n","protected":false},"author":2,"featured_media":0,"parent":0,"menu_order":0,"comment_status":"closed","ping_status":"closed","template":"","meta":{"ngg_post_thumbnail":0,"footnotes":""},"class_list":["post-1581","page","type-page","status-publish","hentry"],"_links":{"self":[{"href":"https:\/\/spjastrzab.ugporaj.pl\/index.php?rest_route=\/wp\/v2\/pages\/1581","targetHints":{"allow":["GET"]}}],"collection":[{"href":"https:\/\/spjastrzab.ugporaj.pl\/index.php?rest_route=\/wp\/v2\/pages"}],"about":[{"href":"https:\/\/spjastrzab.ugporaj.pl\/index.php?rest_route=\/wp\/v2\/types\/page"}],"author":[{"embeddable":true,"href":"https:\/\/spjastrzab.ugporaj.pl\/index.php?rest_route=\/wp\/v2\/users\/2"}],"replies":[{"embeddable":true,"href":"https:\/\/spjastrzab.ugporaj.pl\/index.php?rest_route=%2Fwp%2Fv2%2Fcomments&post=1581"}],"version-history":[{"count":6,"href":"https:\/\/spjastrzab.ugporaj.pl\/index.php?rest_route=\/wp\/v2\/pages\/1581\/revisions"}],"predecessor-version":[{"id":1730,"href":"https:\/\/spjastrzab.ugporaj.pl\/index.php?rest_route=\/wp\/v2\/pages\/1581\/revisions\/1730"}],"wp:attachment":[{"href":"https:\/\/spjastrzab.ugporaj.pl\/index.php?rest_route=%2Fwp%2Fv2%2Fmedia&parent=1581"}],"curies":[{"name":"wp","href":"https:\/\/api.w.org\/{rel}","templated":true}]}}