{"id":1560,"date":"2024-03-22T09:48:11","date_gmt":"2024-03-22T08:48:11","guid":{"rendered":"http:\/\/spjastrzab.ugporaj.pl\/?page_id=1560"},"modified":"2024-03-22T10:54:08","modified_gmt":"2024-03-22T09:54:08","slug":"wirusoochrona","status":"publish","type":"page","link":"https:\/\/spjastrzab.ugporaj.pl\/?page_id=1560","title":{"rendered":"Wirusoochrona"},"content":{"rendered":"\t\t<div data-elementor-type=\"wp-page\" data-elementor-id=\"1560\" class=\"elementor elementor-1560\">\n\t\t\t\t\t\t<section class=\"elementor-section elementor-top-section elementor-element elementor-element-9d8fcb2 elementor-section-boxed elementor-section-height-default elementor-section-height-default\" data-id=\"9d8fcb2\" data-element_type=\"section\" data-e-type=\"section\">\n\t\t\t\t\t\t<div class=\"elementor-container elementor-column-gap-default\">\n\t\t\t\t\t<div class=\"elementor-column elementor-col-100 elementor-top-column elementor-element elementor-element-4333df7\" data-id=\"4333df7\" data-element_type=\"column\" data-e-type=\"column\">\n\t\t\t<div class=\"elementor-widget-wrap elementor-element-populated\">\n\t\t\t\t\t\t<div class=\"elementor-element elementor-element-671d7c2 elementor-widget elementor-widget-heading\" data-id=\"671d7c2\" data-element_type=\"widget\" data-e-type=\"widget\" data-widget_type=\"heading.default\">\n\t\t\t\t<div class=\"elementor-widget-container\">\n\t\t\t\t\t<h2 class=\"elementor-heading-title elementor-size-default\">Wojew\u00f3dzka akcja informacyjno-edukacyjna pt. \u201eWirusoochrona\u201d\n<\/h2>\t\t\t\t<\/div>\n\t\t\t\t<\/div>\n\t\t\t\t\t<\/div>\n\t\t<\/div>\n\t\t\t\t\t<\/div>\n\t\t<\/section>\n\t\t\t\t<section class=\"elementor-section elementor-top-section elementor-element elementor-element-22b203b elementor-section-boxed elementor-section-height-default elementor-section-height-default\" data-id=\"22b203b\" data-element_type=\"section\" data-e-type=\"section\">\n\t\t\t\t\t\t<div class=\"elementor-container elementor-column-gap-default\">\n\t\t\t\t\t<div class=\"elementor-column elementor-col-100 elementor-top-column elementor-element elementor-element-8b01f06\" data-id=\"8b01f06\" data-element_type=\"column\" data-e-type=\"column\">\n\t\t\t<div class=\"elementor-widget-wrap elementor-element-populated\">\n\t\t\t\t\t\t<div class=\"elementor-element elementor-element-a49dde5 elementor-widget elementor-widget-image\" data-id=\"a49dde5\" data-element_type=\"widget\" data-e-type=\"widget\" data-widget_type=\"image.default\">\n\t\t\t\t<div class=\"elementor-widget-container\">\n\t\t\t\t\t\t\t\t\t\t\t\t\t\t\t\t<a href=\"https:\/\/www.gov.pl\/web\/wsse-katowice\/wojewodzka-akcja-informacyjno-edukacyjna-pt-wirusoochrona\" target=\"_blank\">\n\t\t\t\t\t\t\t<img fetchpriority=\"high\" decoding=\"async\" width=\"710\" height=\"300\" src=\"https:\/\/spjastrzab.ugporaj.pl\/wp-content\/uploads\/2024\/03\/wirusoochrona.png\" class=\"attachment-large size-large wp-image-1562\" alt=\"\" srcset=\"https:\/\/spjastrzab.ugporaj.pl\/wp-content\/uploads\/2024\/03\/wirusoochrona.png 729w, https:\/\/spjastrzab.ugporaj.pl\/wp-content\/uploads\/2024\/03\/wirusoochrona-300x127.png 300w\" sizes=\"(max-width: 710px) 100vw, 710px\" \/>\t\t\t\t\t\t\t\t<\/a>\n\t\t\t\t\t\t\t\t\t\t\t\t\t\t\t<\/div>\n\t\t\t\t<\/div>\n\t\t\t\t\t<\/div>\n\t\t<\/div>\n\t\t\t\t\t<\/div>\n\t\t<\/section>\n\t\t\t\t<section class=\"elementor-section elementor-top-section elementor-element elementor-element-b947d7d elementor-section-boxed elementor-section-height-default elementor-section-height-default\" data-id=\"b947d7d\" data-element_type=\"section\" data-e-type=\"section\">\n\t\t\t\t\t\t<div class=\"elementor-container elementor-column-gap-default\">\n\t\t\t\t\t<div class=\"elementor-column elementor-col-100 elementor-top-column elementor-element elementor-element-6076c81\" data-id=\"6076c81\" data-element_type=\"column\" data-e-type=\"column\">\n\t\t\t<div class=\"elementor-widget-wrap elementor-element-populated\">\n\t\t\t\t\t\t<div class=\"elementor-element elementor-element-819d604 elementor-widget elementor-widget-text-editor\" data-id=\"819d604\" data-element_type=\"widget\" data-e-type=\"widget\" data-widget_type=\"text-editor.default\">\n\t\t\t\t<div class=\"elementor-widget-container\">\n\t\t\t\t\t\t\t\t\t<p>Akcja,\u00a0zainicjowana przez \u015al\u0105skiego Pa\u0144stwowego Wojew\u00f3dzkiego Inspektora Sanitarnego pn.\u00a0<em>\u201eWirusoochrona\u201d<\/em>\u00a0realizowana jest w\u00a0klasach I-III\u00a0w szko\u0142ach podstawowych, a tak\u017ce w przedszkolach na terenie woj. \u015bl\u0105skiego.<\/p><p>Celem przedsi\u0119wzi\u0119cia jest wzmocnienie dzia\u0142a\u0144 przeciwepidemicznych w plac\u00f3wkach o\u015bwiatowo-wychowawczych poprzez przeprowadzenie zaj\u0119\u0107 profilaktycznych dla najm\u0142odszych uczni\u00f3w, przypominaj\u0105cych o przestrzeganiu podstawowych zasad higieny oraz zwr\u00f3cenie uwagi na znacz\u0105c\u0105 rol\u0119 higieny jako podstawowego \u015brodka zapobiegania przenoszenia si\u0119 wirus\u00f3w.<\/p><p>W trakcie zaj\u0119\u0107 dzieci b\u0119d\u0105 mog\u0142y pog\u0142\u0119bi\u0107 wiedz\u0119 z zakresu zapobiegania chorobom zaka\u017anym przenoszonym drog\u0105 kropelkow\u0105, ze szczeg\u00f3lnym uwzgl\u0119dnieniem profilaktyki koronawirusa i grypy.<\/p><p>Zaj\u0119cia zostan\u0105 przeprowadzone przez nauczycieli szk\u00f3\u0142 podstawowych klas I-III oraz nauczycieli przedszkolnych.<\/p><p>Ka\u017cda szko\u0142a i przedszkole zainteresowane udzia\u0142em w akcji otrzyma elektroniczny pakiet materia\u0142\u00f3w edukacyjnych m.in.: plakat opracowany na potrzeby realizacji akcji, ulotki, tablic\u0119 edukacyjn\u0105 z krzy\u017c\u00f3wk\u0105, kolorowank\u0119.<\/p><p>Akcji towarzyszy hashtag: #wirusoochrona #lekcjaHIGIENY<\/p><p>Prawid\u0142owe<strong>\u00a0wdro\u017cenie i przestrzeganie procedur bezpiecze\u0144stwa,\u00a0<\/strong>\u00a0zgodnie z wytycznymi opracowanymi przez Ministerstwo Edukacji i Nauki i Ministerstwo Zdrowia i G\u0142\u00f3wny Inspektorat Sanitarny oraz przestrzeganie zasad higieny osobistej i wdro\u017cenie odpowiednich dzia\u0142a\u0144 profilaktycznych, pozwoli\u00a0<strong>zachowa\u0107 bezpieczne i higieniczne warunki pobytu w plac\u00f3wkach o\u015bwiatowo-wychowawczych.<\/strong><\/p>\t\t\t\t\t\t\t\t<\/div>\n\t\t\t\t<\/div>\n\t\t\t\t\t<\/div>\n\t\t<\/div>\n\t\t\t\t\t<\/div>\n\t\t<\/section>\n\t\t\t\t<section class=\"elementor-section elementor-top-section elementor-element elementor-element-a612002 elementor-section-boxed elementor-section-height-default elementor-section-height-default\" data-id=\"a612002\" data-element_type=\"section\" data-e-type=\"section\">\n\t\t\t\t\t\t<div class=\"elementor-container elementor-column-gap-default\">\n\t\t\t\t\t<div class=\"elementor-column elementor-col-100 elementor-top-column elementor-element elementor-element-c74f86c\" data-id=\"c74f86c\" data-element_type=\"column\" data-e-type=\"column\">\n\t\t\t<div class=\"elementor-widget-wrap elementor-element-populated\">\n\t\t\t\t\t\t<div class=\"elementor-element elementor-element-82c17e2 elementor-widget elementor-widget-image\" data-id=\"82c17e2\" data-element_type=\"widget\" data-e-type=\"widget\" data-widget_type=\"image.default\">\n\t\t\t\t<div class=\"elementor-widget-container\">\n\t\t\t\t\t\t\t\t\t\t\t\t\t\t\t\t<a href=\"http:\/\/spjastrzab.ugporaj.pl\/wp-content\/uploads\/2024\/03\/plakat-w.png\" data-elementor-open-lightbox=\"yes\" data-elementor-lightbox-title=\"plakat w\" data-e-action-hash=\"#elementor-action%3Aaction%3Dlightbox%26settings%3DeyJpZCI6MTU2MSwidXJsIjoiaHR0cHM6XC9cL3NwamFzdHJ6YWIudWdwb3Jhai5wbFwvd3AtY29udGVudFwvdXBsb2Fkc1wvMjAyNFwvMDNcL3BsYWthdC13LnBuZyJ9\">\n\t\t\t\t\t\t\t<img decoding=\"async\" width=\"212\" height=\"300\" src=\"https:\/\/spjastrzab.ugporaj.pl\/wp-content\/uploads\/2024\/03\/plakat-w-212x300.png\" class=\"attachment-medium size-medium wp-image-1561\" alt=\"\" srcset=\"https:\/\/spjastrzab.ugporaj.pl\/wp-content\/uploads\/2024\/03\/plakat-w-212x300.png 212w, https:\/\/spjastrzab.ugporaj.pl\/wp-content\/uploads\/2024\/03\/plakat-w-724x1024.png 724w, https:\/\/spjastrzab.ugporaj.pl\/wp-content\/uploads\/2024\/03\/plakat-w-768x1086.png 768w, https:\/\/spjastrzab.ugporaj.pl\/wp-content\/uploads\/2024\/03\/plakat-w-1086x1536.png 1086w, https:\/\/spjastrzab.ugporaj.pl\/wp-content\/uploads\/2024\/03\/plakat-w-1448x2048.png 1448w, https:\/\/spjastrzab.ugporaj.pl\/wp-content\/uploads\/2024\/03\/plakat-w.png 1500w\" sizes=\"(max-width: 212px) 100vw, 212px\" \/>\t\t\t\t\t\t\t\t<\/a>\n\t\t\t\t\t\t\t\t\t\t\t\t\t\t\t<\/div>\n\t\t\t\t<\/div>\n\t\t\t\t\t<\/div>\n\t\t<\/div>\n\t\t\t\t\t<\/div>\n\t\t<\/section>\n\t\t\t\t<\/div>\n\t\t","protected":false},"excerpt":{"rendered":"<p>Wojew\u00f3dzka akcja informacyjno-edukacyjna pt. \u201eWirusoochrona\u201d Akcja,\u00a0zainicjowana przez \u015al\u0105skiego Pa\u0144stwowego Wojew\u00f3dzkiego Inspektora Sanitarnego pn.\u00a0\u201eWirusoochrona\u201d\u00a0realizowana jest w\u00a0klasach I-III\u00a0w szko\u0142ach podstawowych, a tak\u017ce w przedszkolach na terenie woj. \u015bl\u0105skiego. Celem przedsi\u0119wzi\u0119cia jest wzmocnienie dzia\u0142a\u0144 przeciwepidemicznych w plac\u00f3wkach o\u015bwiatowo-wychowawczych poprzez przeprowadzenie zaj\u0119\u0107 profilaktycznych dla najm\u0142odszych uczni\u00f3w, przypominaj\u0105cych o przestrzeganiu podstawowych zasad higieny oraz zwr\u00f3cenie uwagi na znacz\u0105c\u0105 rol\u0119 higieny [&hellip;]<\/p>\n","protected":false},"author":2,"featured_media":0,"parent":0,"menu_order":0,"comment_status":"closed","ping_status":"closed","template":"","meta":{"ngg_post_thumbnail":0,"footnotes":""},"class_list":["post-1560","page","type-page","status-publish","hentry"],"_links":{"self":[{"href":"https:\/\/spjastrzab.ugporaj.pl\/index.php?rest_route=\/wp\/v2\/pages\/1560","targetHints":{"allow":["GET"]}}],"collection":[{"href":"https:\/\/spjastrzab.ugporaj.pl\/index.php?rest_route=\/wp\/v2\/pages"}],"about":[{"href":"https:\/\/spjastrzab.ugporaj.pl\/index.php?rest_route=\/wp\/v2\/types\/page"}],"author":[{"embeddable":true,"href":"https:\/\/spjastrzab.ugporaj.pl\/index.php?rest_route=\/wp\/v2\/users\/2"}],"replies":[{"embeddable":true,"href":"https:\/\/spjastrzab.ugporaj.pl\/index.php?rest_route=%2Fwp%2Fv2%2Fcomments&post=1560"}],"version-history":[{"count":12,"href":"https:\/\/spjastrzab.ugporaj.pl\/index.php?rest_route=\/wp\/v2\/pages\/1560\/revisions"}],"predecessor-version":[{"id":1589,"href":"https:\/\/spjastrzab.ugporaj.pl\/index.php?rest_route=\/wp\/v2\/pages\/1560\/revisions\/1589"}],"wp:attachment":[{"href":"https:\/\/spjastrzab.ugporaj.pl\/index.php?rest_route=%2Fwp%2Fv2%2Fmedia&parent=1560"}],"curies":[{"name":"wp","href":"https:\/\/api.w.org\/{rel}","templated":true}]}}