{"id":154,"date":"2023-10-02T09:35:18","date_gmt":"2023-10-02T07:35:18","guid":{"rendered":"http:\/\/spjastrzab.ugporaj.pl\/?page_id=154"},"modified":"2025-01-27T09:14:06","modified_gmt":"2025-01-27T08:14:06","slug":"pedagog","status":"publish","type":"page","link":"https:\/\/spjastrzab.ugporaj.pl\/?page_id=154","title":{"rendered":"Pedagog"},"content":{"rendered":"\t\t<div data-elementor-type=\"wp-page\" data-elementor-id=\"154\" class=\"elementor elementor-154\">\n\t\t\t\t\t\t<section class=\"elementor-section elementor-top-section elementor-element elementor-element-a9be2cd elementor-section-boxed elementor-section-height-default elementor-section-height-default\" data-id=\"a9be2cd\" data-element_type=\"section\" data-e-type=\"section\">\n\t\t\t\t\t\t<div class=\"elementor-container elementor-column-gap-default\">\n\t\t\t\t\t<div class=\"elementor-column elementor-col-100 elementor-top-column elementor-element elementor-element-3c3bd61\" data-id=\"3c3bd61\" data-element_type=\"column\" data-e-type=\"column\">\n\t\t\t<div class=\"elementor-widget-wrap elementor-element-populated\">\n\t\t\t\t\t\t<div class=\"elementor-element elementor-element-3f5d602 elementor-widget elementor-widget-heading\" data-id=\"3f5d602\" data-element_type=\"widget\" data-e-type=\"widget\" data-widget_type=\"heading.default\">\n\t\t\t\t<div class=\"elementor-widget-container\">\n\t\t\t\t\t<h2 class=\"elementor-heading-title elementor-size-default\"><p align=\"CENTER\"><font style=\"font-size: 20pt\"><b>Godziny\ndy\u017cur\u00f3w pedagoga szkolnego w roku szkolnym 2024\/2025<\/b><\/font><\/p><\/h2>\t\t\t\t<\/div>\n\t\t\t\t<\/div>\n\t\t\t\t\t<\/div>\n\t\t<\/div>\n\t\t\t\t\t<\/div>\n\t\t<\/section>\n\t\t\t\t<section class=\"elementor-section elementor-top-section elementor-element elementor-element-94e565d elementor-section-boxed elementor-section-height-default elementor-section-height-default\" data-id=\"94e565d\" data-element_type=\"section\" data-e-type=\"section\">\n\t\t\t\t\t\t<div class=\"elementor-container elementor-column-gap-default\">\n\t\t\t\t\t<div class=\"elementor-column elementor-col-100 elementor-top-column elementor-element elementor-element-81eeaf5\" data-id=\"81eeaf5\" data-element_type=\"column\" data-e-type=\"column\">\n\t\t\t<div class=\"elementor-widget-wrap elementor-element-populated\">\n\t\t\t\t\t\t<div class=\"elementor-element elementor-element-4b1059d elementor-widget elementor-widget-heading\" data-id=\"4b1059d\" data-element_type=\"widget\" data-e-type=\"widget\" data-widget_type=\"heading.default\">\n\t\t\t\t<div class=\"elementor-widget-container\">\n\t\t\t\t\t<h4 class=\"elementor-heading-title elementor-size-default\">mgr Robert Kowalczuk<\/h4>\t\t\t\t<\/div>\n\t\t\t\t<\/div>\n\t\t\t\t\t<\/div>\n\t\t<\/div>\n\t\t\t\t\t<\/div>\n\t\t<\/section>\n\t\t\t\t<section class=\"elementor-section elementor-top-section elementor-element elementor-element-8aabe29 elementor-section-boxed elementor-section-height-default elementor-section-height-default\" data-id=\"8aabe29\" data-element_type=\"section\" data-e-type=\"section\">\n\t\t\t\t\t\t<div class=\"elementor-container elementor-column-gap-default\">\n\t\t\t\t\t<div class=\"elementor-column elementor-col-100 elementor-top-column elementor-element elementor-element-f99ab11\" data-id=\"f99ab11\" data-element_type=\"column\" data-e-type=\"column\">\n\t\t\t<div class=\"elementor-widget-wrap elementor-element-populated\">\n\t\t\t\t\t\t<div class=\"elementor-element elementor-element-21567ba elementor-widget elementor-widget-text-editor\" data-id=\"21567ba\" data-element_type=\"widget\" data-e-type=\"widget\" data-widget_type=\"text-editor.default\">\n\t\t\t\t<div class=\"elementor-widget-container\">\n\t\t\t\t\t\t\t\t\t<h5 style=\"text-align: center;\"><strong>Poniedzia\u0142ek 8:00 &#8211; 11:00<\/strong><\/h5><h5 style=\"text-align: center;\"><strong>\u015aroda 8:00 &#8211; 11:00<\/strong><\/h5><h5 style=\"text-align: center;\"><strong>Czwartek 11:00 &#8211; 14:00<\/strong><\/h5><h5 style=\"text-align: center;\"><strong>Pi\u0105tek 10:00 &#8211; 12:00<\/strong><\/h5>\t\t\t\t\t\t\t\t<\/div>\n\t\t\t\t<\/div>\n\t\t\t\t\t<\/div>\n\t\t<\/div>\n\t\t\t\t\t<\/div>\n\t\t<\/section>\n\t\t\t\t<section class=\"elementor-section elementor-top-section elementor-element elementor-element-e362f7d elementor-section-boxed elementor-section-height-default elementor-section-height-default\" data-id=\"e362f7d\" data-element_type=\"section\" data-e-type=\"section\">\n\t\t\t\t\t\t<div class=\"elementor-container elementor-column-gap-default\">\n\t\t\t\t\t<div class=\"elementor-column elementor-col-100 elementor-top-column elementor-element elementor-element-c8a3e96\" data-id=\"c8a3e96\" data-element_type=\"column\" data-e-type=\"column\">\n\t\t\t<div class=\"elementor-widget-wrap elementor-element-populated\">\n\t\t\t\t\t\t<div class=\"elementor-element elementor-element-b37b6c4 elementor-widget elementor-widget-image\" data-id=\"b37b6c4\" data-element_type=\"widget\" data-e-type=\"widget\" data-widget_type=\"image.default\">\n\t\t\t\t<div class=\"elementor-widget-container\">\n\t\t\t\t\t\t\t\t\t\t\t\t\t\t\t<img fetchpriority=\"high\" decoding=\"async\" width=\"300\" height=\"300\" src=\"https:\/\/spjastrzab.ugporaj.pl\/wp-content\/uploads\/2022\/10\/20221010_181853_0000-300x300.png\" class=\"attachment-medium size-medium wp-image-368\" alt=\"\" srcset=\"https:\/\/spjastrzab.ugporaj.pl\/wp-content\/uploads\/2022\/10\/20221010_181853_0000-300x300.png 300w, https:\/\/spjastrzab.ugporaj.pl\/wp-content\/uploads\/2022\/10\/20221010_181853_0000-1024x1024.png 1024w, https:\/\/spjastrzab.ugporaj.pl\/wp-content\/uploads\/2022\/10\/20221010_181853_0000-150x150.png 150w, https:\/\/spjastrzab.ugporaj.pl\/wp-content\/uploads\/2022\/10\/20221010_181853_0000-768x768.png 768w, https:\/\/spjastrzab.ugporaj.pl\/wp-content\/uploads\/2022\/10\/20221010_181853_0000-1536x1536.png 1536w, https:\/\/spjastrzab.ugporaj.pl\/wp-content\/uploads\/2022\/10\/20221010_181853_0000.png 1654w\" sizes=\"(max-width: 300px) 100vw, 300px\" \/>\t\t\t\t\t\t\t\t\t\t\t\t\t\t\t<\/div>\n\t\t\t\t<\/div>\n\t\t\t\t\t<\/div>\n\t\t<\/div>\n\t\t\t\t\t<\/div>\n\t\t<\/section>\n\t\t\t\t<\/div>\n\t\t","protected":false},"excerpt":{"rendered":"<p>Godziny dy\u017cur\u00f3w pedagoga szkolnego w roku szkolnym 2024\/2025 mgr Robert Kowalczuk Poniedzia\u0142ek 8:00 &#8211; 11:00 \u015aroda 8:00 &#8211; 11:00 Czwartek 11:00 &#8211; 14:00 Pi\u0105tek 10:00 &#8211; 12:00<\/p>\n","protected":false},"author":2,"featured_media":0,"parent":0,"menu_order":0,"comment_status":"closed","ping_status":"closed","template":"","meta":{"ngg_post_thumbnail":0,"footnotes":""},"class_list":["post-154","page","type-page","status-publish","hentry"],"_links":{"self":[{"href":"https:\/\/spjastrzab.ugporaj.pl\/index.php?rest_route=\/wp\/v2\/pages\/154","targetHints":{"allow":["GET"]}}],"collection":[{"href":"https:\/\/spjastrzab.ugporaj.pl\/index.php?rest_route=\/wp\/v2\/pages"}],"about":[{"href":"https:\/\/spjastrzab.ugporaj.pl\/index.php?rest_route=\/wp\/v2\/types\/page"}],"author":[{"embeddable":true,"href":"https:\/\/spjastrzab.ugporaj.pl\/index.php?rest_route=\/wp\/v2\/users\/2"}],"replies":[{"embeddable":true,"href":"https:\/\/spjastrzab.ugporaj.pl\/index.php?rest_route=%2Fwp%2Fv2%2Fcomments&post=154"}],"version-history":[{"count":20,"href":"https:\/\/spjastrzab.ugporaj.pl\/index.php?rest_route=\/wp\/v2\/pages\/154\/revisions"}],"predecessor-version":[{"id":3441,"href":"https:\/\/spjastrzab.ugporaj.pl\/index.php?rest_route=\/wp\/v2\/pages\/154\/revisions\/3441"}],"wp:attachment":[{"href":"https:\/\/spjastrzab.ugporaj.pl\/index.php?rest_route=%2Fwp%2Fv2%2Fmedia&parent=154"}],"curies":[{"name":"wp","href":"https:\/\/api.w.org\/{rel}","templated":true}]}}