{"id":1351,"date":"2024-03-04T10:58:14","date_gmt":"2024-03-04T09:58:14","guid":{"rendered":"http:\/\/spjastrzab.ugporaj.pl\/?page_id=1351"},"modified":"2024-03-04T11:00:46","modified_gmt":"2024-03-04T10:00:46","slug":"bezpieczny-powrot-do-szkol","status":"publish","type":"page","link":"https:\/\/spjastrzab.ugporaj.pl\/?page_id=1351","title":{"rendered":"Bezpieczny powr\u00f3t do szk\u00f3\u0142"},"content":{"rendered":"\t\t<div data-elementor-type=\"wp-page\" data-elementor-id=\"1351\" class=\"elementor elementor-1351\">\n\t\t\t\t\t\t<section class=\"elementor-section elementor-top-section elementor-element elementor-element-fed5666 elementor-section-boxed elementor-section-height-default elementor-section-height-default\" data-id=\"fed5666\" data-element_type=\"section\" data-e-type=\"section\">\n\t\t\t\t\t\t<div class=\"elementor-container elementor-column-gap-default\">\n\t\t\t\t\t<div class=\"elementor-column elementor-col-100 elementor-top-column elementor-element elementor-element-a37d4c3\" data-id=\"a37d4c3\" data-element_type=\"column\" data-e-type=\"column\">\n\t\t\t<div class=\"elementor-widget-wrap elementor-element-populated\">\n\t\t\t\t\t\t<div class=\"elementor-element elementor-element-211d105 elementor-widget elementor-widget-image\" data-id=\"211d105\" data-element_type=\"widget\" data-e-type=\"widget\" data-widget_type=\"image.default\">\n\t\t\t\t<div class=\"elementor-widget-container\">\n\t\t\t\t\t\t\t\t\t\t\t\t\t\t\t\t<a href=\"http:\/\/spjastrzab.ugporaj.pl\/wp-content\/uploads\/2022\/10\/10zasadbezpieczenstwauczenplakatinformac.webp\" data-elementor-open-lightbox=\"yes\" data-elementor-lightbox-title=\"10zasadbezpieczenstwauczenplakatinformac\" data-e-action-hash=\"#elementor-action%3Aaction%3Dlightbox%26settings%3DeyJpZCI6NDgwLCJ1cmwiOiJodHRwczpcL1wvc3BqYXN0cnphYi51Z3BvcmFqLnBsXC93cC1jb250ZW50XC91cGxvYWRzXC8yMDIyXC8xMFwvMTB6YXNhZGJlenBpZWN6ZW5zdHdhdWN6ZW5wbGFrYXRpbmZvcm1hYy53ZWJwIn0%3D\">\n\t\t\t\t\t\t\t<img fetchpriority=\"high\" decoding=\"async\" width=\"464\" height=\"656\" src=\"https:\/\/spjastrzab.ugporaj.pl\/wp-content\/uploads\/2022\/10\/10zasadbezpieczenstwauczenplakatinformac.webp\" class=\"attachment-large size-large wp-image-480\" alt=\"\" srcset=\"https:\/\/spjastrzab.ugporaj.pl\/wp-content\/uploads\/2022\/10\/10zasadbezpieczenstwauczenplakatinformac.webp 464w, https:\/\/spjastrzab.ugporaj.pl\/wp-content\/uploads\/2022\/10\/10zasadbezpieczenstwauczenplakatinformac-212x300.webp 212w\" sizes=\"(max-width: 464px) 100vw, 464px\" \/>\t\t\t\t\t\t\t\t<\/a>\n\t\t\t\t\t\t\t\t\t\t\t\t\t\t\t<\/div>\n\t\t\t\t<\/div>\n\t\t\t\t\t<\/div>\n\t\t<\/div>\n\t\t\t\t\t<\/div>\n\t\t<\/section>\n\t\t\t\t<\/div>\n\t\t","protected":false},"excerpt":{"rendered":"","protected":false},"author":2,"featured_media":0,"parent":0,"menu_order":0,"comment_status":"closed","ping_status":"closed","template":"","meta":{"ngg_post_thumbnail":0,"footnotes":""},"class_list":["post-1351","page","type-page","status-publish","hentry"],"_links":{"self":[{"href":"https:\/\/spjastrzab.ugporaj.pl\/index.php?rest_route=\/wp\/v2\/pages\/1351","targetHints":{"allow":["GET"]}}],"collection":[{"href":"https:\/\/spjastrzab.ugporaj.pl\/index.php?rest_route=\/wp\/v2\/pages"}],"about":[{"href":"https:\/\/spjastrzab.ugporaj.pl\/index.php?rest_route=\/wp\/v2\/types\/page"}],"author":[{"embeddable":true,"href":"https:\/\/spjastrzab.ugporaj.pl\/index.php?rest_route=\/wp\/v2\/users\/2"}],"replies":[{"embeddable":true,"href":"https:\/\/spjastrzab.ugporaj.pl\/index.php?rest_route=%2Fwp%2Fv2%2Fcomments&post=1351"}],"version-history":[{"count":6,"href":"https:\/\/spjastrzab.ugporaj.pl\/index.php?rest_route=\/wp\/v2\/pages\/1351\/revisions"}],"predecessor-version":[{"id":1358,"href":"https:\/\/spjastrzab.ugporaj.pl\/index.php?rest_route=\/wp\/v2\/pages\/1351\/revisions\/1358"}],"wp:attachment":[{"href":"https:\/\/spjastrzab.ugporaj.pl\/index.php?rest_route=%2Fwp%2Fv2%2Fmedia&parent=1351"}],"curies":[{"name":"wp","href":"https:\/\/api.w.org\/{rel}","templated":true}]}}