{"id":1328,"date":"2024-03-01T12:22:18","date_gmt":"2024-03-01T11:22:18","guid":{"rendered":"http:\/\/spjastrzab.ugporaj.pl\/?page_id=1328"},"modified":"2024-03-01T12:23:41","modified_gmt":"2024-03-01T11:23:41","slug":"zasady-zdrowego-zywienia-i-aktywnosci-fizycznej-dzieci-i-mlodziezy-szkolnej","status":"publish","type":"page","link":"https:\/\/spjastrzab.ugporaj.pl\/?page_id=1328","title":{"rendered":"Zasady zdrowego \u017cywienia i aktywno\u015bci fizycznej dzieci i m\u0142odzie\u017cy szkolnej"},"content":{"rendered":"\t\t<div data-elementor-type=\"wp-page\" data-elementor-id=\"1328\" class=\"elementor elementor-1328\">\n\t\t\t\t\t\t<section class=\"elementor-section elementor-top-section elementor-element elementor-element-dc237bd elementor-section-boxed elementor-section-height-default elementor-section-height-default\" data-id=\"dc237bd\" data-element_type=\"section\" data-e-type=\"section\">\n\t\t\t\t\t\t<div class=\"elementor-container elementor-column-gap-default\">\n\t\t\t\t\t<div class=\"elementor-column elementor-col-100 elementor-top-column elementor-element elementor-element-ef72dc1\" data-id=\"ef72dc1\" data-element_type=\"column\" data-e-type=\"column\">\n\t\t\t<div class=\"elementor-widget-wrap elementor-element-populated\">\n\t\t\t\t\t\t<div class=\"elementor-element elementor-element-1c30e8e elementor-widget elementor-widget-image\" data-id=\"1c30e8e\" data-element_type=\"widget\" data-e-type=\"widget\" data-widget_type=\"image.default\">\n\t\t\t\t<div class=\"elementor-widget-container\">\n\t\t\t\t\t\t\t\t\t\t\t\t\t\t\t\t<a href=\"http:\/\/spjastrzab.ugporaj.pl\/wp-content\/uploads\/2023\/02\/broszura-rodzic-zywienie.pdf\" target=\"_blank\">\n\t\t\t\t\t\t\t<img fetchpriority=\"high\" decoding=\"async\" width=\"710\" height=\"393\" src=\"https:\/\/spjastrzab.ugporaj.pl\/wp-content\/uploads\/2023\/02\/zasady-zdrowego-zywienia-1024x567.png\" class=\"attachment-large size-large wp-image-713\" alt=\"\" srcset=\"https:\/\/spjastrzab.ugporaj.pl\/wp-content\/uploads\/2023\/02\/zasady-zdrowego-zywienia-1024x567.png 1024w, https:\/\/spjastrzab.ugporaj.pl\/wp-content\/uploads\/2023\/02\/zasady-zdrowego-zywienia-300x166.png 300w, https:\/\/spjastrzab.ugporaj.pl\/wp-content\/uploads\/2023\/02\/zasady-zdrowego-zywienia-768x425.png 768w, https:\/\/spjastrzab.ugporaj.pl\/wp-content\/uploads\/2023\/02\/zasady-zdrowego-zywienia.png 1117w\" sizes=\"(max-width: 710px) 100vw, 710px\" \/>\t\t\t\t\t\t\t\t<\/a>\n\t\t\t\t\t\t\t\t\t\t\t\t\t\t\t<\/div>\n\t\t\t\t<\/div>\n\t\t\t\t\t<\/div>\n\t\t<\/div>\n\t\t\t\t\t<\/div>\n\t\t<\/section>\n\t\t\t\t<section class=\"elementor-section elementor-top-section elementor-element elementor-element-cee9c9a elementor-section-boxed elementor-section-height-default elementor-section-height-default\" data-id=\"cee9c9a\" data-element_type=\"section\" data-e-type=\"section\">\n\t\t\t\t\t\t<div class=\"elementor-container elementor-column-gap-default\">\n\t\t\t\t\t<div class=\"elementor-column elementor-col-100 elementor-top-column elementor-element elementor-element-51b34f5\" data-id=\"51b34f5\" data-element_type=\"column\" data-e-type=\"column\">\n\t\t\t<div class=\"elementor-widget-wrap elementor-element-populated\">\n\t\t\t\t\t\t<div class=\"elementor-element elementor-element-424c684 elementor-widget elementor-widget-image\" data-id=\"424c684\" data-element_type=\"widget\" data-e-type=\"widget\" data-widget_type=\"image.default\">\n\t\t\t\t<div class=\"elementor-widget-container\">\n\t\t\t\t\t\t\t\t\t\t\t\t\t\t\t\t<a href=\"http:\/\/spjastrzab.ugporaj.pl\/wp-content\/uploads\/2023\/02\/e-book-Talerz-Zdrowego-Zywienia.pdf\" target=\"_blank\">\n\t\t\t\t\t\t\t<img decoding=\"async\" width=\"710\" height=\"502\" src=\"https:\/\/spjastrzab.ugporaj.pl\/wp-content\/uploads\/2023\/02\/Talerz-zdrowego-zywienia-i-zalecenia.webp\" class=\"attachment-large size-large wp-image-712\" alt=\"\" srcset=\"https:\/\/spjastrzab.ugporaj.pl\/wp-content\/uploads\/2023\/02\/Talerz-zdrowego-zywienia-i-zalecenia.webp 800w, https:\/\/spjastrzab.ugporaj.pl\/wp-content\/uploads\/2023\/02\/Talerz-zdrowego-zywienia-i-zalecenia-300x212.webp 300w, https:\/\/spjastrzab.ugporaj.pl\/wp-content\/uploads\/2023\/02\/Talerz-zdrowego-zywienia-i-zalecenia-768x543.webp 768w\" sizes=\"(max-width: 710px) 100vw, 710px\" \/>\t\t\t\t\t\t\t\t<\/a>\n\t\t\t\t\t\t\t\t\t\t\t\t\t\t\t<\/div>\n\t\t\t\t<\/div>\n\t\t\t\t\t<\/div>\n\t\t<\/div>\n\t\t\t\t\t<\/div>\n\t\t<\/section>\n\t\t\t\t<\/div>\n\t\t","protected":false},"excerpt":{"rendered":"","protected":false},"author":2,"featured_media":0,"parent":0,"menu_order":0,"comment_status":"closed","ping_status":"closed","template":"","meta":{"ngg_post_thumbnail":0,"footnotes":""},"class_list":["post-1328","page","type-page","status-publish","hentry"],"_links":{"self":[{"href":"https:\/\/spjastrzab.ugporaj.pl\/index.php?rest_route=\/wp\/v2\/pages\/1328","targetHints":{"allow":["GET"]}}],"collection":[{"href":"https:\/\/spjastrzab.ugporaj.pl\/index.php?rest_route=\/wp\/v2\/pages"}],"about":[{"href":"https:\/\/spjastrzab.ugporaj.pl\/index.php?rest_route=\/wp\/v2\/types\/page"}],"author":[{"embeddable":true,"href":"https:\/\/spjastrzab.ugporaj.pl\/index.php?rest_route=\/wp\/v2\/users\/2"}],"replies":[{"embeddable":true,"href":"https:\/\/spjastrzab.ugporaj.pl\/index.php?rest_route=%2Fwp%2Fv2%2Fcomments&post=1328"}],"version-history":[{"count":3,"href":"https:\/\/spjastrzab.ugporaj.pl\/index.php?rest_route=\/wp\/v2\/pages\/1328\/revisions"}],"predecessor-version":[{"id":1331,"href":"https:\/\/spjastrzab.ugporaj.pl\/index.php?rest_route=\/wp\/v2\/pages\/1328\/revisions\/1331"}],"wp:attachment":[{"href":"https:\/\/spjastrzab.ugporaj.pl\/index.php?rest_route=%2Fwp%2Fv2%2Fmedia&parent=1328"}],"curies":[{"name":"wp","href":"https:\/\/api.w.org\/{rel}","templated":true}]}}