{"id":1217,"date":"2024-02-19T13:27:00","date_gmt":"2024-02-19T12:27:00","guid":{"rendered":"http:\/\/spjastrzab.ugporaj.pl\/?page_id=1217"},"modified":"2025-01-13T13:21:25","modified_gmt":"2025-01-13T12:21:25","slug":"rada-rodzicow-male-przedszkole","status":"publish","type":"page","link":"https:\/\/spjastrzab.ugporaj.pl\/?page_id=1217","title":{"rendered":"Rada Rodzic\u00f3w ma\u0142e przedszkole"},"content":{"rendered":"<p>&nbsp;<\/p>\n<p><strong>Rok szkolny 2024\/2025<\/strong><\/p>\n<p><strong>Przewodnicz\u0105ca:<\/strong> Bartosz Ku\u017anik<\/p>\n<p><strong>Sekretarz:<\/strong> Ewelina Minkina<\/p>\n<p><strong>Skarbnik:<\/strong> Natalia Biedro\u0144<\/p>\n","protected":false},"excerpt":{"rendered":"<p>&nbsp; Rok szkolny 2024\/2025 Przewodnicz\u0105ca: Bartosz Ku\u017anik Sekretarz: Ewelina Minkina Skarbnik: Natalia Biedro\u0144<\/p>\n","protected":false},"author":2,"featured_media":0,"parent":0,"menu_order":0,"comment_status":"closed","ping_status":"closed","template":"","meta":{"ngg_post_thumbnail":0,"footnotes":""},"class_list":["post-1217","page","type-page","status-publish","hentry"],"_links":{"self":[{"href":"https:\/\/spjastrzab.ugporaj.pl\/index.php?rest_route=\/wp\/v2\/pages\/1217","targetHints":{"allow":["GET"]}}],"collection":[{"href":"https:\/\/spjastrzab.ugporaj.pl\/index.php?rest_route=\/wp\/v2\/pages"}],"about":[{"href":"https:\/\/spjastrzab.ugporaj.pl\/index.php?rest_route=\/wp\/v2\/types\/page"}],"author":[{"embeddable":true,"href":"https:\/\/spjastrzab.ugporaj.pl\/index.php?rest_route=\/wp\/v2\/users\/2"}],"replies":[{"embeddable":true,"href":"https:\/\/spjastrzab.ugporaj.pl\/index.php?rest_route=%2Fwp%2Fv2%2Fcomments&post=1217"}],"version-history":[{"count":6,"href":"https:\/\/spjastrzab.ugporaj.pl\/index.php?rest_route=\/wp\/v2\/pages\/1217\/revisions"}],"predecessor-version":[{"id":3409,"href":"https:\/\/spjastrzab.ugporaj.pl\/index.php?rest_route=\/wp\/v2\/pages\/1217\/revisions\/3409"}],"wp:attachment":[{"href":"https:\/\/spjastrzab.ugporaj.pl\/index.php?rest_route=%2Fwp%2Fv2%2Fmedia&parent=1217"}],"curies":[{"name":"wp","href":"https:\/\/api.w.org\/{rel}","templated":true}]}}